{"id":6528,"date":"2021-02-26T12:47:01","date_gmt":"2021-02-26T17:47:01","guid":{"rendered":"https:\/\/decarieinc.ca\/litigation\/litige-successoral-et-de-la-personne\/"},"modified":"2025-03-28T10:46:13","modified_gmt":"2025-03-28T14:46:13","slug":"estate-litigation-and-human-rights","status":"publish","type":"page","link":"https:\/\/decarieinc.ca\/en\/expertise\/litigation\/estate-litigation-and-human-rights\/","title":{"rendered":"Estate litigation and human rights"},"content":{"rendered":"<!-- AddThis Advanced Settings generic via filter on the_content --><!-- AddThis Share Buttons generic via filter on the_content -->","protected":false},"excerpt":{"rendered":"<p><!-- AddThis Advanced Settings generic via filter on get_the_excerpt --><!-- AddThis Share Buttons generic via filter on get_the_excerpt --><\/p>\n","protected":false},"author":1,"featured_media":0,"parent":6493,"menu_order":20,"comment_status":"closed","ping_status":"closed","template":"","meta":{"_acf_changed":false,"footnotes":""},"class_list":["post-6528","page","type-page","status-publish","hentry","entry"],"acf":[],"yoast_head":"<!-- This site is optimized with the Yoast SEO plugin v23.4 - https:\/\/yoast.com\/wordpress\/plugins\/seo\/ -->\n<title>Liability &amp; Insurance Litigation Lawyers | Decarie Inc.<\/title>\n<meta name=\"description\" content=\"Seeking expert advice for liability and insurance litigation in Gatineau? Decarie Inc. offers skilled legal representation. Contact us for strategic solutions tailored to your needs.\" \/>\n<meta name=\"robots\" content=\"index, follow, max-snippet:-1, max-image-preview:large, max-video-preview:-1\" \/>\n<link rel=\"canonical\" href=\"https:\/\/decarieinc.ca\/en\/expertise\/litigation\/estate-litigation-and-human-rights\/\" \/>\n<meta property=\"og:locale\" content=\"en_US\" \/>\n<meta property=\"og:type\" content=\"article\" \/>\n<meta property=\"og:title\" content=\"Liability &amp; Insurance Litigation Lawyers | Decarie Inc.\" \/>\n<meta property=\"og:description\" content=\"Seeking expert advice for liability and insurance litigation in Gatineau? Decarie Inc. offers skilled legal representation. Contact us for strategic solutions tailored to your needs.\" \/>\n<meta property=\"og:url\" content=\"https:\/\/decarieinc.ca\/en\/expertise\/litigation\/estate-litigation-and-human-rights\/\" \/>\n<meta property=\"og:site_name\" content=\"Me D\u00e9carie \/ D\u00e9carie Avocats inc \/ Avocats Ottawa-Gatineau\" \/>\n<meta property=\"article:modified_time\" content=\"2025-03-28T14:46:13+00:00\" \/>\n<meta name=\"twitter:card\" content=\"summary_large_image\" \/>\n<script type=\"application\/ld+json\" class=\"yoast-schema-graph\">{\"@context\":\"https:\/\/schema.org\",\"@graph\":[{\"@type\":\"WebPage\",\"@id\":\"https:\/\/decarieinc.ca\/en\/expertise\/litigation\/estate-litigation-and-human-rights\/\",\"url\":\"https:\/\/decarieinc.ca\/en\/expertise\/litigation\/estate-litigation-and-human-rights\/\",\"name\":\"Liability & Insurance Litigation Lawyers | Decarie Inc.\",\"isPartOf\":{\"@id\":\"https:\/\/decarieinc.ca\/#website\"},\"datePublished\":\"2021-02-26T17:47:01+00:00\",\"dateModified\":\"2025-03-28T14:46:13+00:00\",\"description\":\"Seeking expert advice for liability and insurance litigation in Gatineau? Decarie Inc. offers skilled legal representation. Contact us for strategic solutions tailored to your needs.\",\"breadcrumb\":{\"@id\":\"https:\/\/decarieinc.ca\/en\/expertise\/litigation\/estate-litigation-and-human-rights\/#breadcrumb\"},\"inLanguage\":\"en-US\",\"potentialAction\":[{\"@type\":\"ReadAction\",\"target\":[\"https:\/\/decarieinc.ca\/en\/expertise\/litigation\/estate-litigation-and-human-rights\/\"]}]},{\"@type\":\"BreadcrumbList\",\"@id\":\"https:\/\/decarieinc.ca\/en\/expertise\/litigation\/estate-litigation-and-human-rights\/#breadcrumb\",\"itemListElement\":[{\"@type\":\"ListItem\",\"position\":1,\"name\":\"Accueil\",\"item\":\"https:\/\/decarieinc.ca\/en\/\"},{\"@type\":\"ListItem\",\"position\":2,\"name\":\"Expertise\",\"item\":\"https:\/\/decarieinc.ca\/en\/expertise\/\"},{\"@type\":\"ListItem\",\"position\":3,\"name\":\"Litigation\",\"item\":\"https:\/\/decarieinc.ca\/en\/expertise\/litigation\/\"},{\"@type\":\"ListItem\",\"position\":4,\"name\":\"Estate litigation and human rights\"}]},{\"@type\":\"WebSite\",\"@id\":\"https:\/\/decarieinc.ca\/#website\",\"url\":\"https:\/\/decarieinc.ca\/\",\"name\":\"Me D\u00e9carie \/ D\u00e9carie Avocats inc \/ Avocats Ottawa-Gatineau\",\"description\":\"Me Sophie-Anne D\u00e9carie Avocate Arbitre  25 ans d&#039;exp\u00e9rience en litige et r\u00e9solution de conflits, sp\u00e9cialis\u00e9e en droit immobilier et commercial\",\"potentialAction\":[{\"@type\":\"SearchAction\",\"target\":{\"@type\":\"EntryPoint\",\"urlTemplate\":\"https:\/\/decarieinc.ca\/?s={search_term_string}\"},\"query-input\":{\"@type\":\"PropertyValueSpecification\",\"valueRequired\":true,\"valueName\":\"search_term_string\"}}],\"inLanguage\":\"en-US\"}]}<\/script>\n<!-- \/ Yoast SEO plugin. -->","yoast_head_json":{"title":"Liability & Insurance Litigation Lawyers | Decarie Inc.","description":"Seeking expert advice for liability and insurance litigation in Gatineau? Decarie Inc. offers skilled legal representation. Contact us for strategic solutions tailored to your needs.","robots":{"index":"index","follow":"follow","max-snippet":"max-snippet:-1","max-image-preview":"max-image-preview:large","max-video-preview":"max-video-preview:-1"},"canonical":"https:\/\/decarieinc.ca\/en\/expertise\/litigation\/estate-litigation-and-human-rights\/","og_locale":"en_US","og_type":"article","og_title":"Liability & Insurance Litigation Lawyers | Decarie Inc.","og_description":"Seeking expert advice for liability and insurance litigation in Gatineau? Decarie Inc. offers skilled legal representation. Contact us for strategic solutions tailored to your needs.","og_url":"https:\/\/decarieinc.ca\/en\/expertise\/litigation\/estate-litigation-and-human-rights\/","og_site_name":"Me D\u00e9carie \/ D\u00e9carie Avocats inc \/ Avocats Ottawa-Gatineau","article_modified_time":"2025-03-28T14:46:13+00:00","twitter_card":"summary_large_image","schema":{"@context":"https:\/\/schema.org","@graph":[{"@type":"WebPage","@id":"https:\/\/decarieinc.ca\/en\/expertise\/litigation\/estate-litigation-and-human-rights\/","url":"https:\/\/decarieinc.ca\/en\/expertise\/litigation\/estate-litigation-and-human-rights\/","name":"Liability & Insurance Litigation Lawyers | Decarie Inc.","isPartOf":{"@id":"https:\/\/decarieinc.ca\/#website"},"datePublished":"2021-02-26T17:47:01+00:00","dateModified":"2025-03-28T14:46:13+00:00","description":"Seeking expert advice for liability and insurance litigation in Gatineau? Decarie Inc. offers skilled legal representation. Contact us for strategic solutions tailored to your needs.","breadcrumb":{"@id":"https:\/\/decarieinc.ca\/en\/expertise\/litigation\/estate-litigation-and-human-rights\/#breadcrumb"},"inLanguage":"en-US","potentialAction":[{"@type":"ReadAction","target":["https:\/\/decarieinc.ca\/en\/expertise\/litigation\/estate-litigation-and-human-rights\/"]}]},{"@type":"BreadcrumbList","@id":"https:\/\/decarieinc.ca\/en\/expertise\/litigation\/estate-litigation-and-human-rights\/#breadcrumb","itemListElement":[{"@type":"ListItem","position":1,"name":"Accueil","item":"https:\/\/decarieinc.ca\/en\/"},{"@type":"ListItem","position":2,"name":"Expertise","item":"https:\/\/decarieinc.ca\/en\/expertise\/"},{"@type":"ListItem","position":3,"name":"Litigation","item":"https:\/\/decarieinc.ca\/en\/expertise\/litigation\/"},{"@type":"ListItem","position":4,"name":"Estate litigation and human rights"}]},{"@type":"WebSite","@id":"https:\/\/decarieinc.ca\/#website","url":"https:\/\/decarieinc.ca\/","name":"Me D\u00e9carie \/ D\u00e9carie Avocats inc \/ Avocats Ottawa-Gatineau","description":"Me Sophie-Anne D\u00e9carie Avocate Arbitre  25 ans d&#039;exp\u00e9rience en litige et r\u00e9solution de conflits, sp\u00e9cialis\u00e9e en droit immobilier et commercial","potentialAction":[{"@type":"SearchAction","target":{"@type":"EntryPoint","urlTemplate":"https:\/\/decarieinc.ca\/?s={search_term_string}"},"query-input":{"@type":"PropertyValueSpecification","valueRequired":true,"valueName":"search_term_string"}}],"inLanguage":"en-US"}]}},"_links":{"self":[{"href":"https:\/\/decarieinc.ca\/en\/wp-json\/wp\/v2\/pages\/6528","targetHints":{"allow":["GET"]}}],"collection":[{"href":"https:\/\/decarieinc.ca\/en\/wp-json\/wp\/v2\/pages"}],"about":[{"href":"https:\/\/decarieinc.ca\/en\/wp-json\/wp\/v2\/types\/page"}],"author":[{"embeddable":true,"href":"https:\/\/decarieinc.ca\/en\/wp-json\/wp\/v2\/users\/1"}],"replies":[{"embeddable":true,"href":"https:\/\/decarieinc.ca\/en\/wp-json\/wp\/v2\/comments?post=6528"}],"version-history":[{"count":4,"href":"https:\/\/decarieinc.ca\/en\/wp-json\/wp\/v2\/pages\/6528\/revisions"}],"predecessor-version":[{"id":10291,"href":"https:\/\/decarieinc.ca\/en\/wp-json\/wp\/v2\/pages\/6528\/revisions\/10291"}],"up":[{"embeddable":true,"href":"https:\/\/decarieinc.ca\/en\/wp-json\/wp\/v2\/pages\/6493"}],"wp:attachment":[{"href":"https:\/\/decarieinc.ca\/en\/wp-json\/wp\/v2\/media?parent=6528"}],"curies":[{"name":"wp","href":"https:\/\/api.w.org\/{rel}","templated":true}]}}