{"id":6539,"date":"2021-02-26T12:48:33","date_gmt":"2021-02-26T17:48:33","guid":{"rendered":"https:\/\/decarieinc.ca\/business-law\/lincorporation\/"},"modified":"2025-03-28T10:50:34","modified_gmt":"2025-03-28T14:50:34","slug":"incorporation","status":"publish","type":"page","link":"https:\/\/decarieinc.ca\/en\/expertise\/business-law\/incorporation\/","title":{"rendered":"Incorporation"},"content":{"rendered":"<!-- AddThis Advanced Settings generic via filter on the_content --><!-- AddThis Share Buttons generic via filter on the_content -->","protected":false},"excerpt":{"rendered":"<p><!-- AddThis Advanced Settings generic via filter on get_the_excerpt --><!-- AddThis Share Buttons generic via filter on get_the_excerpt --><\/p>\n","protected":false},"author":1,"featured_media":0,"parent":6536,"menu_order":1,"comment_status":"closed","ping_status":"closed","template":"","meta":{"_acf_changed":false,"footnotes":""},"class_list":["post-6539","page","type-page","status-publish","hentry","entry"],"acf":[],"yoast_head":"<!-- This site is optimized with the Yoast SEO plugin v23.4 - https:\/\/yoast.com\/wordpress\/plugins\/seo\/ -->\n<title>Incorporation Lawyers in Gatineau | Decarie Inc<\/title>\n<meta name=\"description\" content=\"DS D\u00e9carie Lawyers is a law firm that provides incorporation services for new businesses in Gatineau and Ottawa. Call us with questions about incorporations.\" \/>\n<meta name=\"robots\" content=\"index, follow, max-snippet:-1, max-image-preview:large, max-video-preview:-1\" \/>\n<link rel=\"canonical\" href=\"https:\/\/decarieinc.ca\/en\/expertise\/business-law\/incorporation\/\" \/>\n<meta property=\"og:locale\" content=\"en_US\" \/>\n<meta property=\"og:type\" content=\"article\" \/>\n<meta property=\"og:title\" content=\"Incorporation Lawyers in Gatineau | Decarie Inc\" \/>\n<meta property=\"og:description\" content=\"DS D\u00e9carie Lawyers is a law firm that provides incorporation services for new businesses in Gatineau and Ottawa. Call us with questions about incorporations.\" \/>\n<meta property=\"og:url\" content=\"https:\/\/decarieinc.ca\/en\/expertise\/business-law\/incorporation\/\" \/>\n<meta property=\"og:site_name\" content=\"Me D\u00e9carie \/ D\u00e9carie Avocats inc \/ Avocats Ottawa-Gatineau\" \/>\n<meta property=\"article:modified_time\" content=\"2025-03-28T14:50:34+00:00\" \/>\n<meta name=\"twitter:card\" content=\"summary_large_image\" \/>\n<script type=\"application\/ld+json\" class=\"yoast-schema-graph\">{\"@context\":\"https:\/\/schema.org\",\"@graph\":[{\"@type\":\"WebPage\",\"@id\":\"https:\/\/decarieinc.ca\/en\/expertise\/business-law\/incorporation\/\",\"url\":\"https:\/\/decarieinc.ca\/en\/expertise\/business-law\/incorporation\/\",\"name\":\"Incorporation Lawyers in Gatineau | Decarie Inc\",\"isPartOf\":{\"@id\":\"https:\/\/decarieinc.ca\/#website\"},\"datePublished\":\"2021-02-26T17:48:33+00:00\",\"dateModified\":\"2025-03-28T14:50:34+00:00\",\"description\":\"DS D\u00e9carie Lawyers is a law firm that provides incorporation services for new businesses in Gatineau and Ottawa. Call us with questions about incorporations.\",\"breadcrumb\":{\"@id\":\"https:\/\/decarieinc.ca\/en\/expertise\/business-law\/incorporation\/#breadcrumb\"},\"inLanguage\":\"en-US\",\"potentialAction\":[{\"@type\":\"ReadAction\",\"target\":[\"https:\/\/decarieinc.ca\/en\/expertise\/business-law\/incorporation\/\"]}]},{\"@type\":\"BreadcrumbList\",\"@id\":\"https:\/\/decarieinc.ca\/en\/expertise\/business-law\/incorporation\/#breadcrumb\",\"itemListElement\":[{\"@type\":\"ListItem\",\"position\":1,\"name\":\"Accueil\",\"item\":\"https:\/\/decarieinc.ca\/en\/\"},{\"@type\":\"ListItem\",\"position\":2,\"name\":\"Expertise\",\"item\":\"https:\/\/decarieinc.ca\/en\/expertise\/\"},{\"@type\":\"ListItem\",\"position\":3,\"name\":\"Business law\",\"item\":\"https:\/\/decarieinc.ca\/en\/expertise\/business-law\/\"},{\"@type\":\"ListItem\",\"position\":4,\"name\":\"Incorporation\"}]},{\"@type\":\"WebSite\",\"@id\":\"https:\/\/decarieinc.ca\/#website\",\"url\":\"https:\/\/decarieinc.ca\/\",\"name\":\"Me D\u00e9carie \/ D\u00e9carie Avocats inc \/ Avocats Ottawa-Gatineau\",\"description\":\"Me Sophie-Anne D\u00e9carie Avocate Arbitre  25 ans d&#039;exp\u00e9rience en litige et r\u00e9solution de conflits, sp\u00e9cialis\u00e9e en droit immobilier et commercial\",\"potentialAction\":[{\"@type\":\"SearchAction\",\"target\":{\"@type\":\"EntryPoint\",\"urlTemplate\":\"https:\/\/decarieinc.ca\/?s={search_term_string}\"},\"query-input\":{\"@type\":\"PropertyValueSpecification\",\"valueRequired\":true,\"valueName\":\"search_term_string\"}}],\"inLanguage\":\"en-US\"}]}<\/script>\n<!-- \/ Yoast SEO plugin. -->","yoast_head_json":{"title":"Incorporation Lawyers in Gatineau | Decarie Inc","description":"DS D\u00e9carie Lawyers is a law firm that provides incorporation services for new businesses in Gatineau and Ottawa. Call us with questions about incorporations.","robots":{"index":"index","follow":"follow","max-snippet":"max-snippet:-1","max-image-preview":"max-image-preview:large","max-video-preview":"max-video-preview:-1"},"canonical":"https:\/\/decarieinc.ca\/en\/expertise\/business-law\/incorporation\/","og_locale":"en_US","og_type":"article","og_title":"Incorporation Lawyers in Gatineau | Decarie Inc","og_description":"DS D\u00e9carie Lawyers is a law firm that provides incorporation services for new businesses in Gatineau and Ottawa. Call us with questions about incorporations.","og_url":"https:\/\/decarieinc.ca\/en\/expertise\/business-law\/incorporation\/","og_site_name":"Me D\u00e9carie \/ D\u00e9carie Avocats inc \/ Avocats Ottawa-Gatineau","article_modified_time":"2025-03-28T14:50:34+00:00","twitter_card":"summary_large_image","schema":{"@context":"https:\/\/schema.org","@graph":[{"@type":"WebPage","@id":"https:\/\/decarieinc.ca\/en\/expertise\/business-law\/incorporation\/","url":"https:\/\/decarieinc.ca\/en\/expertise\/business-law\/incorporation\/","name":"Incorporation Lawyers in Gatineau | Decarie Inc","isPartOf":{"@id":"https:\/\/decarieinc.ca\/#website"},"datePublished":"2021-02-26T17:48:33+00:00","dateModified":"2025-03-28T14:50:34+00:00","description":"DS D\u00e9carie Lawyers is a law firm that provides incorporation services for new businesses in Gatineau and Ottawa. Call us with questions about incorporations.","breadcrumb":{"@id":"https:\/\/decarieinc.ca\/en\/expertise\/business-law\/incorporation\/#breadcrumb"},"inLanguage":"en-US","potentialAction":[{"@type":"ReadAction","target":["https:\/\/decarieinc.ca\/en\/expertise\/business-law\/incorporation\/"]}]},{"@type":"BreadcrumbList","@id":"https:\/\/decarieinc.ca\/en\/expertise\/business-law\/incorporation\/#breadcrumb","itemListElement":[{"@type":"ListItem","position":1,"name":"Accueil","item":"https:\/\/decarieinc.ca\/en\/"},{"@type":"ListItem","position":2,"name":"Expertise","item":"https:\/\/decarieinc.ca\/en\/expertise\/"},{"@type":"ListItem","position":3,"name":"Business law","item":"https:\/\/decarieinc.ca\/en\/expertise\/business-law\/"},{"@type":"ListItem","position":4,"name":"Incorporation"}]},{"@type":"WebSite","@id":"https:\/\/decarieinc.ca\/#website","url":"https:\/\/decarieinc.ca\/","name":"Me D\u00e9carie \/ D\u00e9carie Avocats inc \/ Avocats Ottawa-Gatineau","description":"Me Sophie-Anne D\u00e9carie Avocate Arbitre  25 ans d&#039;exp\u00e9rience en litige et r\u00e9solution de conflits, sp\u00e9cialis\u00e9e en droit immobilier et commercial","potentialAction":[{"@type":"SearchAction","target":{"@type":"EntryPoint","urlTemplate":"https:\/\/decarieinc.ca\/?s={search_term_string}"},"query-input":{"@type":"PropertyValueSpecification","valueRequired":true,"valueName":"search_term_string"}}],"inLanguage":"en-US"}]}},"_links":{"self":[{"href":"https:\/\/decarieinc.ca\/en\/wp-json\/wp\/v2\/pages\/6539","targetHints":{"allow":["GET"]}}],"collection":[{"href":"https:\/\/decarieinc.ca\/en\/wp-json\/wp\/v2\/pages"}],"about":[{"href":"https:\/\/decarieinc.ca\/en\/wp-json\/wp\/v2\/types\/page"}],"author":[{"embeddable":true,"href":"https:\/\/decarieinc.ca\/en\/wp-json\/wp\/v2\/users\/1"}],"replies":[{"embeddable":true,"href":"https:\/\/decarieinc.ca\/en\/wp-json\/wp\/v2\/comments?post=6539"}],"version-history":[{"count":6,"href":"https:\/\/decarieinc.ca\/en\/wp-json\/wp\/v2\/pages\/6539\/revisions"}],"predecessor-version":[{"id":10294,"href":"https:\/\/decarieinc.ca\/en\/wp-json\/wp\/v2\/pages\/6539\/revisions\/10294"}],"up":[{"embeddable":true,"href":"https:\/\/decarieinc.ca\/en\/wp-json\/wp\/v2\/pages\/6536"}],"wp:attachment":[{"href":"https:\/\/decarieinc.ca\/en\/wp-json\/wp\/v2\/media?parent=6539"}],"curies":[{"name":"wp","href":"https:\/\/api.w.org\/{rel}","templated":true}]}}