{"id":6635,"date":"2021-02-26T14:38:08","date_gmt":"2021-02-26T19:38:08","guid":{"rendered":"https:\/\/decarieinc.ca\/labour-law\/droit-collectif-du-travail\/"},"modified":"2025-09-15T11:42:25","modified_gmt":"2025-09-15T15:42:25","slug":"collective-labour-law","status":"publish","type":"page","link":"https:\/\/decarieinc.ca\/en\/collective-labour-law\/","title":{"rendered":"Collective labour law"},"content":{"rendered":"<!-- AddThis Advanced Settings generic via filter on the_content --><!-- AddThis Share Buttons generic via filter on the_content -->","protected":false},"excerpt":{"rendered":"<p><!-- AddThis Advanced Settings generic via filter on get_the_excerpt --><!-- AddThis Share Buttons generic via filter on get_the_excerpt --><\/p>\n","protected":false},"author":1,"featured_media":0,"parent":0,"menu_order":5,"comment_status":"closed","ping_status":"closed","template":"","meta":{"_acf_changed":false,"footnotes":""},"class_list":["post-6635","page","type-page","status-publish","hentry","entry"],"acf":[],"yoast_head":"<!-- This site is optimized with the Yoast SEO plugin v23.4 - https:\/\/yoast.com\/wordpress\/plugins\/seo\/ -->\n<title>Collective Labour Law Specialists | Decarie Inc. Gatineau<\/title>\n<meta name=\"description\" content=\"Decarie Inc. specializes in collective labour law in Gatineau. Our experienced lawyers provide strategic advice and representation for unions and collective bargaining negotiations.\" \/>\n<meta name=\"robots\" content=\"index, follow, max-snippet:-1, max-image-preview:large, max-video-preview:-1\" \/>\n<link rel=\"canonical\" href=\"https:\/\/decarieinc.ca\/en\/collective-labour-law\/\" \/>\n<meta property=\"og:locale\" content=\"en_US\" \/>\n<meta property=\"og:type\" content=\"article\" \/>\n<meta property=\"og:title\" content=\"Collective Labour Law Specialists | Decarie Inc. Gatineau\" \/>\n<meta property=\"og:description\" content=\"Decarie Inc. specializes in collective labour law in Gatineau. Our experienced lawyers provide strategic advice and representation for unions and collective bargaining negotiations.\" \/>\n<meta property=\"og:url\" content=\"https:\/\/decarieinc.ca\/en\/collective-labour-law\/\" \/>\n<meta property=\"og:site_name\" content=\"Me D\u00e9carie \/ D\u00e9carie Avocats inc \/ Avocats Ottawa-Gatineau\" \/>\n<meta property=\"article:modified_time\" content=\"2025-09-15T15:42:25+00:00\" \/>\n<meta name=\"twitter:card\" content=\"summary_large_image\" \/>\n<script type=\"application\/ld+json\" class=\"yoast-schema-graph\">{\"@context\":\"https:\/\/schema.org\",\"@graph\":[{\"@type\":\"WebPage\",\"@id\":\"https:\/\/decarieinc.ca\/en\/collective-labour-law\/\",\"url\":\"https:\/\/decarieinc.ca\/en\/collective-labour-law\/\",\"name\":\"Collective Labour Law Specialists | Decarie Inc. Gatineau\",\"isPartOf\":{\"@id\":\"https:\/\/decarieinc.ca\/#website\"},\"datePublished\":\"2021-02-26T19:38:08+00:00\",\"dateModified\":\"2025-09-15T15:42:25+00:00\",\"description\":\"Decarie Inc. specializes in collective labour law in Gatineau. Our experienced lawyers provide strategic advice and representation for unions and collective bargaining negotiations.\",\"breadcrumb\":{\"@id\":\"https:\/\/decarieinc.ca\/en\/collective-labour-law\/#breadcrumb\"},\"inLanguage\":\"en-US\",\"potentialAction\":[{\"@type\":\"ReadAction\",\"target\":[\"https:\/\/decarieinc.ca\/en\/collective-labour-law\/\"]}]},{\"@type\":\"BreadcrumbList\",\"@id\":\"https:\/\/decarieinc.ca\/en\/collective-labour-law\/#breadcrumb\",\"itemListElement\":[{\"@type\":\"ListItem\",\"position\":1,\"name\":\"Accueil\",\"item\":\"https:\/\/decarieinc.ca\/en\/\"},{\"@type\":\"ListItem\",\"position\":2,\"name\":\"Collective labour law\"}]},{\"@type\":\"WebSite\",\"@id\":\"https:\/\/decarieinc.ca\/#website\",\"url\":\"https:\/\/decarieinc.ca\/\",\"name\":\"Me D\u00e9carie \/ D\u00e9carie Avocats inc \/ Avocats Ottawa-Gatineau\",\"description\":\"Me Sophie-Anne D\u00e9carie Avocate Arbitre  25 ans d&#039;exp\u00e9rience en litige et r\u00e9solution de conflits, sp\u00e9cialis\u00e9e en droit immobilier et commercial\",\"potentialAction\":[{\"@type\":\"SearchAction\",\"target\":{\"@type\":\"EntryPoint\",\"urlTemplate\":\"https:\/\/decarieinc.ca\/?s={search_term_string}\"},\"query-input\":{\"@type\":\"PropertyValueSpecification\",\"valueRequired\":true,\"valueName\":\"search_term_string\"}}],\"inLanguage\":\"en-US\"}]}<\/script>\n<!-- \/ Yoast SEO plugin. -->","yoast_head_json":{"title":"Collective Labour Law Specialists | Decarie Inc. Gatineau","description":"Decarie Inc. specializes in collective labour law in Gatineau. Our experienced lawyers provide strategic advice and representation for unions and collective bargaining negotiations.","robots":{"index":"index","follow":"follow","max-snippet":"max-snippet:-1","max-image-preview":"max-image-preview:large","max-video-preview":"max-video-preview:-1"},"canonical":"https:\/\/decarieinc.ca\/en\/collective-labour-law\/","og_locale":"en_US","og_type":"article","og_title":"Collective Labour Law Specialists | Decarie Inc. Gatineau","og_description":"Decarie Inc. specializes in collective labour law in Gatineau. Our experienced lawyers provide strategic advice and representation for unions and collective bargaining negotiations.","og_url":"https:\/\/decarieinc.ca\/en\/collective-labour-law\/","og_site_name":"Me D\u00e9carie \/ D\u00e9carie Avocats inc \/ Avocats Ottawa-Gatineau","article_modified_time":"2025-09-15T15:42:25+00:00","twitter_card":"summary_large_image","schema":{"@context":"https:\/\/schema.org","@graph":[{"@type":"WebPage","@id":"https:\/\/decarieinc.ca\/en\/collective-labour-law\/","url":"https:\/\/decarieinc.ca\/en\/collective-labour-law\/","name":"Collective Labour Law Specialists | Decarie Inc. Gatineau","isPartOf":{"@id":"https:\/\/decarieinc.ca\/#website"},"datePublished":"2021-02-26T19:38:08+00:00","dateModified":"2025-09-15T15:42:25+00:00","description":"Decarie Inc. specializes in collective labour law in Gatineau. Our experienced lawyers provide strategic advice and representation for unions and collective bargaining negotiations.","breadcrumb":{"@id":"https:\/\/decarieinc.ca\/en\/collective-labour-law\/#breadcrumb"},"inLanguage":"en-US","potentialAction":[{"@type":"ReadAction","target":["https:\/\/decarieinc.ca\/en\/collective-labour-law\/"]}]},{"@type":"BreadcrumbList","@id":"https:\/\/decarieinc.ca\/en\/collective-labour-law\/#breadcrumb","itemListElement":[{"@type":"ListItem","position":1,"name":"Accueil","item":"https:\/\/decarieinc.ca\/en\/"},{"@type":"ListItem","position":2,"name":"Collective labour law"}]},{"@type":"WebSite","@id":"https:\/\/decarieinc.ca\/#website","url":"https:\/\/decarieinc.ca\/","name":"Me D\u00e9carie \/ D\u00e9carie Avocats inc \/ Avocats Ottawa-Gatineau","description":"Me Sophie-Anne D\u00e9carie Avocate Arbitre  25 ans d&#039;exp\u00e9rience en litige et r\u00e9solution de conflits, sp\u00e9cialis\u00e9e en droit immobilier et commercial","potentialAction":[{"@type":"SearchAction","target":{"@type":"EntryPoint","urlTemplate":"https:\/\/decarieinc.ca\/?s={search_term_string}"},"query-input":{"@type":"PropertyValueSpecification","valueRequired":true,"valueName":"search_term_string"}}],"inLanguage":"en-US"}]}},"_links":{"self":[{"href":"https:\/\/decarieinc.ca\/en\/wp-json\/wp\/v2\/pages\/6635","targetHints":{"allow":["GET"]}}],"collection":[{"href":"https:\/\/decarieinc.ca\/en\/wp-json\/wp\/v2\/pages"}],"about":[{"href":"https:\/\/decarieinc.ca\/en\/wp-json\/wp\/v2\/types\/page"}],"author":[{"embeddable":true,"href":"https:\/\/decarieinc.ca\/en\/wp-json\/wp\/v2\/users\/1"}],"replies":[{"embeddable":true,"href":"https:\/\/decarieinc.ca\/en\/wp-json\/wp\/v2\/comments?post=6635"}],"version-history":[{"count":6,"href":"https:\/\/decarieinc.ca\/en\/wp-json\/wp\/v2\/pages\/6635\/revisions"}],"predecessor-version":[{"id":10719,"href":"https:\/\/decarieinc.ca\/en\/wp-json\/wp\/v2\/pages\/6635\/revisions\/10719"}],"wp:attachment":[{"href":"https:\/\/decarieinc.ca\/en\/wp-json\/wp\/v2\/media?parent=6635"}],"curies":[{"name":"wp","href":"https:\/\/api.w.org\/{rel}","templated":true}]}}