{"id":7028,"date":"2021-04-30T09:35:34","date_gmt":"2021-04-30T13:35:34","guid":{"rendered":"https:\/\/decarieinc.ca\/lawyers\/me-danika-leroux-goulet\/"},"modified":"2024-07-18T10:21:55","modified_gmt":"2024-07-18T14:21:55","slug":"me-deborah-stephenson-lawyer","status":"publish","type":"page","link":"https:\/\/decarieinc.ca\/en\/lawyers\/me-deborah-stephenson-lawyer\/","title":{"rendered":"D\u00e9borah Stephenson"},"content":{"rendered":"<!-- AddThis Advanced Settings generic via filter on the_content --><!-- AddThis Share Buttons generic via filter on the_content -->","protected":false},"excerpt":{"rendered":"<p><!-- AddThis Advanced Settings generic via filter on get_the_excerpt --><!-- AddThis Share Buttons generic via filter on get_the_excerpt --><\/p>\n","protected":false},"author":1,"featured_media":9006,"parent":5726,"menu_order":35,"comment_status":"closed","ping_status":"closed","template":"","meta":{"_acf_changed":false,"footnotes":""},"class_list":["post-7028","page","type-page","status-publish","has-post-thumbnail","hentry","entry"],"acf":[],"yoast_head":"<!-- This site is optimized with the Yoast SEO plugin v23.4 - https:\/\/yoast.com\/wordpress\/plugins\/seo\/ -->\n<title>Me Deborah Stephenson, Lawyer at Decarie Inc. Gatineau<\/title>\n<meta name=\"description\" content=\"D\u00e9borah Stephenson is your trusted lawyer in persons and family law at DS D\u00e9carie Lawyers.\" \/>\n<meta name=\"robots\" content=\"index, follow, max-snippet:-1, max-image-preview:large, max-video-preview:-1\" \/>\n<link rel=\"canonical\" href=\"https:\/\/decarieinc.ca\/en\/lawyers\/me-deborah-stephenson-lawyer\/\" \/>\n<meta property=\"og:locale\" content=\"en_US\" \/>\n<meta property=\"og:type\" content=\"article\" \/>\n<meta property=\"og:title\" content=\"Me Deborah Stephenson, Lawyer at Decarie Inc. Gatineau\" \/>\n<meta property=\"og:description\" content=\"D\u00e9borah Stephenson is your trusted lawyer in persons and family law at DS D\u00e9carie Lawyers.\" \/>\n<meta property=\"og:url\" content=\"https:\/\/decarieinc.ca\/en\/lawyers\/me-deborah-stephenson-lawyer\/\" \/>\n<meta property=\"og:site_name\" content=\"Me D\u00e9carie \/ D\u00e9carie Avocats inc \/ Avocats Ottawa-Gatineau\" \/>\n<meta property=\"article:modified_time\" content=\"2024-07-18T14:21:55+00:00\" \/>\n<meta property=\"og:image\" content=\"https:\/\/decarieinc.ca\/wp-content\/uploads\/2023\/04\/3.png\" \/>\n\t<meta property=\"og:image:width\" content=\"383\" \/>\n\t<meta property=\"og:image:height\" content=\"490\" \/>\n\t<meta property=\"og:image:type\" content=\"image\/png\" \/>\n<meta name=\"twitter:card\" content=\"summary_large_image\" \/>\n<script type=\"application\/ld+json\" class=\"yoast-schema-graph\">{\"@context\":\"https:\/\/schema.org\",\"@graph\":[{\"@type\":\"WebPage\",\"@id\":\"https:\/\/decarieinc.ca\/en\/lawyers\/me-deborah-stephenson-lawyer\/\",\"url\":\"https:\/\/decarieinc.ca\/en\/lawyers\/me-deborah-stephenson-lawyer\/\",\"name\":\"Me Deborah Stephenson, Lawyer at Decarie Inc. Gatineau\",\"isPartOf\":{\"@id\":\"https:\/\/decarieinc.ca\/#website\"},\"primaryImageOfPage\":{\"@id\":\"https:\/\/decarieinc.ca\/en\/lawyers\/me-deborah-stephenson-lawyer\/#primaryimage\"},\"image\":{\"@id\":\"https:\/\/decarieinc.ca\/en\/lawyers\/me-deborah-stephenson-lawyer\/#primaryimage\"},\"thumbnailUrl\":\"https:\/\/decarieinc.ca\/wp-content\/uploads\/2023\/04\/3.png\",\"datePublished\":\"2021-04-30T13:35:34+00:00\",\"dateModified\":\"2024-07-18T14:21:55+00:00\",\"description\":\"D\u00e9borah Stephenson is your trusted lawyer in persons and family law at DS D\u00e9carie Lawyers.\",\"breadcrumb\":{\"@id\":\"https:\/\/decarieinc.ca\/en\/lawyers\/me-deborah-stephenson-lawyer\/#breadcrumb\"},\"inLanguage\":\"en-US\",\"potentialAction\":[{\"@type\":\"ReadAction\",\"target\":[\"https:\/\/decarieinc.ca\/en\/lawyers\/me-deborah-stephenson-lawyer\/\"]}]},{\"@type\":\"ImageObject\",\"inLanguage\":\"en-US\",\"@id\":\"https:\/\/decarieinc.ca\/en\/lawyers\/me-deborah-stephenson-lawyer\/#primaryimage\",\"url\":\"https:\/\/decarieinc.ca\/wp-content\/uploads\/2023\/04\/3.png\",\"contentUrl\":\"https:\/\/decarieinc.ca\/wp-content\/uploads\/2023\/04\/3.png\",\"width\":383,\"height\":490},{\"@type\":\"BreadcrumbList\",\"@id\":\"https:\/\/decarieinc.ca\/en\/lawyers\/me-deborah-stephenson-lawyer\/#breadcrumb\",\"itemListElement\":[{\"@type\":\"ListItem\",\"position\":1,\"name\":\"Accueil\",\"item\":\"https:\/\/decarieinc.ca\/en\/\"},{\"@type\":\"ListItem\",\"position\":2,\"name\":\"Me D\u00e9borah Stephenson\",\"item\":\"https:\/\/decarieinc.ca\/en\/lawyers\/\"},{\"@type\":\"ListItem\",\"position\":3,\"name\":\"D\u00e9borah Stephenson\"}]},{\"@type\":\"WebSite\",\"@id\":\"https:\/\/decarieinc.ca\/#website\",\"url\":\"https:\/\/decarieinc.ca\/\",\"name\":\"Me D\u00e9carie \/ D\u00e9carie Avocats inc \/ Avocats Ottawa-Gatineau\",\"description\":\"Me Sophie-Anne D\u00e9carie Avocate Arbitre  25 ans d&#039;exp\u00e9rience en litige et r\u00e9solution de conflits, sp\u00e9cialis\u00e9e en droit immobilier et commercial\",\"potentialAction\":[{\"@type\":\"SearchAction\",\"target\":{\"@type\":\"EntryPoint\",\"urlTemplate\":\"https:\/\/decarieinc.ca\/?s={search_term_string}\"},\"query-input\":{\"@type\":\"PropertyValueSpecification\",\"valueRequired\":true,\"valueName\":\"search_term_string\"}}],\"inLanguage\":\"en-US\"}]}<\/script>\n<!-- \/ Yoast SEO plugin. -->","yoast_head_json":{"title":"Me Deborah Stephenson, Lawyer at Decarie Inc. Gatineau","description":"D\u00e9borah Stephenson is your trusted lawyer in persons and family law at DS D\u00e9carie Lawyers.","robots":{"index":"index","follow":"follow","max-snippet":"max-snippet:-1","max-image-preview":"max-image-preview:large","max-video-preview":"max-video-preview:-1"},"canonical":"https:\/\/decarieinc.ca\/en\/lawyers\/me-deborah-stephenson-lawyer\/","og_locale":"en_US","og_type":"article","og_title":"Me Deborah Stephenson, Lawyer at Decarie Inc. Gatineau","og_description":"D\u00e9borah Stephenson is your trusted lawyer in persons and family law at DS D\u00e9carie Lawyers.","og_url":"https:\/\/decarieinc.ca\/en\/lawyers\/me-deborah-stephenson-lawyer\/","og_site_name":"Me D\u00e9carie \/ D\u00e9carie Avocats inc \/ Avocats Ottawa-Gatineau","article_modified_time":"2024-07-18T14:21:55+00:00","og_image":[{"width":383,"height":490,"url":"https:\/\/decarieinc.ca\/wp-content\/uploads\/2023\/04\/3.png","type":"image\/png"}],"twitter_card":"summary_large_image","schema":{"@context":"https:\/\/schema.org","@graph":[{"@type":"WebPage","@id":"https:\/\/decarieinc.ca\/en\/lawyers\/me-deborah-stephenson-lawyer\/","url":"https:\/\/decarieinc.ca\/en\/lawyers\/me-deborah-stephenson-lawyer\/","name":"Me Deborah Stephenson, Lawyer at Decarie Inc. Gatineau","isPartOf":{"@id":"https:\/\/decarieinc.ca\/#website"},"primaryImageOfPage":{"@id":"https:\/\/decarieinc.ca\/en\/lawyers\/me-deborah-stephenson-lawyer\/#primaryimage"},"image":{"@id":"https:\/\/decarieinc.ca\/en\/lawyers\/me-deborah-stephenson-lawyer\/#primaryimage"},"thumbnailUrl":"https:\/\/decarieinc.ca\/wp-content\/uploads\/2023\/04\/3.png","datePublished":"2021-04-30T13:35:34+00:00","dateModified":"2024-07-18T14:21:55+00:00","description":"D\u00e9borah Stephenson is your trusted lawyer in persons and family law at DS D\u00e9carie Lawyers.","breadcrumb":{"@id":"https:\/\/decarieinc.ca\/en\/lawyers\/me-deborah-stephenson-lawyer\/#breadcrumb"},"inLanguage":"en-US","potentialAction":[{"@type":"ReadAction","target":["https:\/\/decarieinc.ca\/en\/lawyers\/me-deborah-stephenson-lawyer\/"]}]},{"@type":"ImageObject","inLanguage":"en-US","@id":"https:\/\/decarieinc.ca\/en\/lawyers\/me-deborah-stephenson-lawyer\/#primaryimage","url":"https:\/\/decarieinc.ca\/wp-content\/uploads\/2023\/04\/3.png","contentUrl":"https:\/\/decarieinc.ca\/wp-content\/uploads\/2023\/04\/3.png","width":383,"height":490},{"@type":"BreadcrumbList","@id":"https:\/\/decarieinc.ca\/en\/lawyers\/me-deborah-stephenson-lawyer\/#breadcrumb","itemListElement":[{"@type":"ListItem","position":1,"name":"Accueil","item":"https:\/\/decarieinc.ca\/en\/"},{"@type":"ListItem","position":2,"name":"Me D\u00e9borah Stephenson","item":"https:\/\/decarieinc.ca\/en\/lawyers\/"},{"@type":"ListItem","position":3,"name":"D\u00e9borah Stephenson"}]},{"@type":"WebSite","@id":"https:\/\/decarieinc.ca\/#website","url":"https:\/\/decarieinc.ca\/","name":"Me D\u00e9carie \/ D\u00e9carie Avocats inc \/ Avocats Ottawa-Gatineau","description":"Me Sophie-Anne D\u00e9carie Avocate Arbitre  25 ans d&#039;exp\u00e9rience en litige et r\u00e9solution de conflits, sp\u00e9cialis\u00e9e en droit immobilier et commercial","potentialAction":[{"@type":"SearchAction","target":{"@type":"EntryPoint","urlTemplate":"https:\/\/decarieinc.ca\/?s={search_term_string}"},"query-input":{"@type":"PropertyValueSpecification","valueRequired":true,"valueName":"search_term_string"}}],"inLanguage":"en-US"}]}},"_links":{"self":[{"href":"https:\/\/decarieinc.ca\/en\/wp-json\/wp\/v2\/pages\/7028","targetHints":{"allow":["GET"]}}],"collection":[{"href":"https:\/\/decarieinc.ca\/en\/wp-json\/wp\/v2\/pages"}],"about":[{"href":"https:\/\/decarieinc.ca\/en\/wp-json\/wp\/v2\/types\/page"}],"author":[{"embeddable":true,"href":"https:\/\/decarieinc.ca\/en\/wp-json\/wp\/v2\/users\/1"}],"replies":[{"embeddable":true,"href":"https:\/\/decarieinc.ca\/en\/wp-json\/wp\/v2\/comments?post=7028"}],"version-history":[{"count":25,"href":"https:\/\/decarieinc.ca\/en\/wp-json\/wp\/v2\/pages\/7028\/revisions"}],"predecessor-version":[{"id":9429,"href":"https:\/\/decarieinc.ca\/en\/wp-json\/wp\/v2\/pages\/7028\/revisions\/9429"}],"up":[{"embeddable":true,"href":"https:\/\/decarieinc.ca\/en\/wp-json\/wp\/v2\/pages\/5726"}],"wp:featuredmedia":[{"embeddable":true,"href":"https:\/\/decarieinc.ca\/en\/wp-json\/wp\/v2\/media\/9006"}],"wp:attachment":[{"href":"https:\/\/decarieinc.ca\/en\/wp-json\/wp\/v2\/media?parent=7028"}],"curies":[{"name":"wp","href":"https:\/\/api.w.org\/{rel}","templated":true}]}}