{"id":8467,"date":"2022-07-27T11:03:28","date_gmt":"2022-07-27T15:03:28","guid":{"rendered":"https:\/\/decarieinc.ca\/lawyers\/me-melissa-belounis\/"},"modified":"2023-02-23T15:31:23","modified_gmt":"2023-02-23T20:31:23","slug":"me-melissa-belounis","status":"publish","type":"page","link":"https:\/\/decarieinc.ca\/en\/lawyers\/me-melissa-belounis\/","title":{"rendered":"Me M\u00e9lissa Belounis"},"content":{"rendered":"<!-- AddThis Advanced Settings generic via filter on the_content --><!-- AddThis Share Buttons generic via filter on the_content -->","protected":false},"excerpt":{"rendered":"<p><!-- AddThis Advanced Settings generic via filter on get_the_excerpt --><!-- AddThis Share Buttons generic via filter on get_the_excerpt --><\/p>\n","protected":false},"author":1,"featured_media":0,"parent":5726,"menu_order":23,"comment_status":"closed","ping_status":"closed","template":"","meta":{"_acf_changed":false,"footnotes":""},"class_list":["post-8467","page","type-page","status-publish","hentry","entry"],"acf":[],"yoast_head":"<!-- This site is optimized with the Yoast SEO plugin v23.4 - https:\/\/yoast.com\/wordpress\/plugins\/seo\/ -->\n<title>Me M\u00e9lissa Belounis - Avocat \u00e0 Gatineau - Me D\u00e9carie \/ D\u00e9carie Avocats inc \/ Avocats Ottawa-Gatineau<\/title>\n<meta name=\"description\" content=\"M\u00e9lissa Belounis practices a multidisciplinary approach\" \/>\n<meta name=\"robots\" content=\"index, follow, max-snippet:-1, max-image-preview:large, max-video-preview:-1\" \/>\n<link rel=\"canonical\" href=\"https:\/\/decarieinc.ca\/en\/lawyers\/me-melissa-belounis\/\" \/>\n<meta property=\"og:locale\" content=\"en_US\" \/>\n<meta property=\"og:type\" content=\"article\" \/>\n<meta property=\"og:title\" content=\"Me M\u00e9lissa Belounis - Avocat \u00e0 Gatineau - Me D\u00e9carie \/ D\u00e9carie Avocats inc \/ Avocats Ottawa-Gatineau\" \/>\n<meta property=\"og:description\" content=\"M\u00e9lissa Belounis practices a multidisciplinary approach\" \/>\n<meta property=\"og:url\" content=\"https:\/\/decarieinc.ca\/en\/lawyers\/me-melissa-belounis\/\" \/>\n<meta property=\"og:site_name\" content=\"Me D\u00e9carie \/ D\u00e9carie Avocats inc \/ Avocats Ottawa-Gatineau\" \/>\n<meta property=\"article:modified_time\" content=\"2023-02-23T20:31:23+00:00\" \/>\n<meta name=\"twitter:card\" content=\"summary_large_image\" \/>\n<script type=\"application\/ld+json\" class=\"yoast-schema-graph\">{\"@context\":\"https:\/\/schema.org\",\"@graph\":[{\"@type\":\"WebPage\",\"@id\":\"https:\/\/decarieinc.ca\/en\/lawyers\/me-melissa-belounis\/\",\"url\":\"https:\/\/decarieinc.ca\/en\/lawyers\/me-melissa-belounis\/\",\"name\":\"Me M\u00e9lissa Belounis - Avocat \u00e0 Gatineau - Me D\u00e9carie \/ D\u00e9carie Avocats inc \/ Avocats Ottawa-Gatineau\",\"isPartOf\":{\"@id\":\"https:\/\/decarieinc.ca\/#website\"},\"datePublished\":\"2022-07-27T15:03:28+00:00\",\"dateModified\":\"2023-02-23T20:31:23+00:00\",\"description\":\"M\u00e9lissa Belounis practices a multidisciplinary approach\",\"breadcrumb\":{\"@id\":\"https:\/\/decarieinc.ca\/en\/lawyers\/me-melissa-belounis\/#breadcrumb\"},\"inLanguage\":\"en-US\",\"potentialAction\":[{\"@type\":\"ReadAction\",\"target\":[\"https:\/\/decarieinc.ca\/en\/lawyers\/me-melissa-belounis\/\"]}]},{\"@type\":\"BreadcrumbList\",\"@id\":\"https:\/\/decarieinc.ca\/en\/lawyers\/me-melissa-belounis\/#breadcrumb\",\"itemListElement\":[{\"@type\":\"ListItem\",\"position\":1,\"name\":\"Accueil\",\"item\":\"https:\/\/decarieinc.ca\/en\/\"},{\"@type\":\"ListItem\",\"position\":2,\"name\":\"Me D\u00e9borah Stephenson\",\"item\":\"https:\/\/decarieinc.ca\/en\/lawyers\/\"},{\"@type\":\"ListItem\",\"position\":3,\"name\":\"Me M\u00e9lissa Belounis\"}]},{\"@type\":\"WebSite\",\"@id\":\"https:\/\/decarieinc.ca\/#website\",\"url\":\"https:\/\/decarieinc.ca\/\",\"name\":\"Me D\u00e9carie \/ D\u00e9carie Avocats inc \/ Avocats Ottawa-Gatineau\",\"description\":\"Me Sophie-Anne D\u00e9carie Avocate Arbitre  25 ans d&#039;exp\u00e9rience en litige et r\u00e9solution de conflits, sp\u00e9cialis\u00e9e en droit immobilier et commercial\",\"potentialAction\":[{\"@type\":\"SearchAction\",\"target\":{\"@type\":\"EntryPoint\",\"urlTemplate\":\"https:\/\/decarieinc.ca\/?s={search_term_string}\"},\"query-input\":{\"@type\":\"PropertyValueSpecification\",\"valueRequired\":true,\"valueName\":\"search_term_string\"}}],\"inLanguage\":\"en-US\"}]}<\/script>\n<!-- \/ Yoast SEO plugin. -->","yoast_head_json":{"title":"Me M\u00e9lissa Belounis - Avocat \u00e0 Gatineau - Me D\u00e9carie \/ D\u00e9carie Avocats inc \/ Avocats Ottawa-Gatineau","description":"M\u00e9lissa Belounis practices a multidisciplinary approach","robots":{"index":"index","follow":"follow","max-snippet":"max-snippet:-1","max-image-preview":"max-image-preview:large","max-video-preview":"max-video-preview:-1"},"canonical":"https:\/\/decarieinc.ca\/en\/lawyers\/me-melissa-belounis\/","og_locale":"en_US","og_type":"article","og_title":"Me M\u00e9lissa Belounis - Avocat \u00e0 Gatineau - Me D\u00e9carie \/ D\u00e9carie Avocats inc \/ Avocats Ottawa-Gatineau","og_description":"M\u00e9lissa Belounis practices a multidisciplinary approach","og_url":"https:\/\/decarieinc.ca\/en\/lawyers\/me-melissa-belounis\/","og_site_name":"Me D\u00e9carie \/ D\u00e9carie Avocats inc \/ Avocats Ottawa-Gatineau","article_modified_time":"2023-02-23T20:31:23+00:00","twitter_card":"summary_large_image","schema":{"@context":"https:\/\/schema.org","@graph":[{"@type":"WebPage","@id":"https:\/\/decarieinc.ca\/en\/lawyers\/me-melissa-belounis\/","url":"https:\/\/decarieinc.ca\/en\/lawyers\/me-melissa-belounis\/","name":"Me M\u00e9lissa Belounis - Avocat \u00e0 Gatineau - Me D\u00e9carie \/ D\u00e9carie Avocats inc \/ Avocats Ottawa-Gatineau","isPartOf":{"@id":"https:\/\/decarieinc.ca\/#website"},"datePublished":"2022-07-27T15:03:28+00:00","dateModified":"2023-02-23T20:31:23+00:00","description":"M\u00e9lissa Belounis practices a multidisciplinary approach","breadcrumb":{"@id":"https:\/\/decarieinc.ca\/en\/lawyers\/me-melissa-belounis\/#breadcrumb"},"inLanguage":"en-US","potentialAction":[{"@type":"ReadAction","target":["https:\/\/decarieinc.ca\/en\/lawyers\/me-melissa-belounis\/"]}]},{"@type":"BreadcrumbList","@id":"https:\/\/decarieinc.ca\/en\/lawyers\/me-melissa-belounis\/#breadcrumb","itemListElement":[{"@type":"ListItem","position":1,"name":"Accueil","item":"https:\/\/decarieinc.ca\/en\/"},{"@type":"ListItem","position":2,"name":"Me D\u00e9borah Stephenson","item":"https:\/\/decarieinc.ca\/en\/lawyers\/"},{"@type":"ListItem","position":3,"name":"Me M\u00e9lissa Belounis"}]},{"@type":"WebSite","@id":"https:\/\/decarieinc.ca\/#website","url":"https:\/\/decarieinc.ca\/","name":"Me D\u00e9carie \/ D\u00e9carie Avocats inc \/ Avocats Ottawa-Gatineau","description":"Me Sophie-Anne D\u00e9carie Avocate Arbitre  25 ans d&#039;exp\u00e9rience en litige et r\u00e9solution de conflits, sp\u00e9cialis\u00e9e en droit immobilier et commercial","potentialAction":[{"@type":"SearchAction","target":{"@type":"EntryPoint","urlTemplate":"https:\/\/decarieinc.ca\/?s={search_term_string}"},"query-input":{"@type":"PropertyValueSpecification","valueRequired":true,"valueName":"search_term_string"}}],"inLanguage":"en-US"}]}},"_links":{"self":[{"href":"https:\/\/decarieinc.ca\/en\/wp-json\/wp\/v2\/pages\/8467","targetHints":{"allow":["GET"]}}],"collection":[{"href":"https:\/\/decarieinc.ca\/en\/wp-json\/wp\/v2\/pages"}],"about":[{"href":"https:\/\/decarieinc.ca\/en\/wp-json\/wp\/v2\/types\/page"}],"author":[{"embeddable":true,"href":"https:\/\/decarieinc.ca\/en\/wp-json\/wp\/v2\/users\/1"}],"replies":[{"embeddable":true,"href":"https:\/\/decarieinc.ca\/en\/wp-json\/wp\/v2\/comments?post=8467"}],"version-history":[{"count":2,"href":"https:\/\/decarieinc.ca\/en\/wp-json\/wp\/v2\/pages\/8467\/revisions"}],"predecessor-version":[{"id":8809,"href":"https:\/\/decarieinc.ca\/en\/wp-json\/wp\/v2\/pages\/8467\/revisions\/8809"}],"up":[{"embeddable":true,"href":"https:\/\/decarieinc.ca\/en\/wp-json\/wp\/v2\/pages\/5726"}],"wp:attachment":[{"href":"https:\/\/decarieinc.ca\/en\/wp-json\/wp\/v2\/media?parent=8467"}],"curies":[{"name":"wp","href":"https:\/\/api.w.org\/{rel}","templated":true}]}}